{"id":912,"date":"2023-11-23T11:35:13","date_gmt":"2023-11-23T10:35:13","guid":{"rendered":"https:\/\/gestestbeck.de\/?page_id=912"},"modified":"2024-05-02T14:46:36","modified_gmt":"2024-05-02T12:46:36","slug":"lernaufgaben-in-der-owncloud-fuer-schuelerinnen-und-schueler","status":"publish","type":"page","link":"https:\/\/gesamtschule-schermbeck.de\/ges35\/lernaufgaben-in-der-owncloud-fuer-schuelerinnen-und-schueler\/","title":{"rendered":"Lernaufgaben in der Owncloud (f\u00fcr Sch\u00fclerinnen und Sch\u00fcler)"},"content":{"rendered":"\n<p>in Arbeit<\/p>\n","protected":false},"excerpt":{"rendered":"<p>in Arbeit<\/p>\n","protected":false},"author":11,"featured_media":0,"parent":0,"menu_order":0,"comment_status":"closed","ping_status":"closed","template":"","meta":{"footnotes":""},"class_list":["post-912","page","type-page","status-publish","hentry"],"_links":{"self":[{"href":"https:\/\/gesamtschule-schermbeck.de\/ges35\/wp-json\/wp\/v2\/pages\/912","targetHints":{"allow":["GET"]}}],"collection":[{"href":"https:\/\/gesamtschule-schermbeck.de\/ges35\/wp-json\/wp\/v2\/pages"}],"about":[{"href":"https:\/\/gesamtschule-schermbeck.de\/ges35\/wp-json\/wp\/v2\/types\/page"}],"author":[{"embeddable":true,"href":"https:\/\/gesamtschule-schermbeck.de\/ges35\/wp-json\/wp\/v2\/users\/11"}],"replies":[{"embeddable":true,"href":"https:\/\/gesamtschule-schermbeck.de\/ges35\/wp-json\/wp\/v2\/comments?post=912"}],"version-history":[{"count":1,"href":"https:\/\/gesamtschule-schermbeck.de\/ges35\/wp-json\/wp\/v2\/pages\/912\/revisions"}],"predecessor-version":[{"id":915,"href":"https:\/\/gesamtschule-schermbeck.de\/ges35\/wp-json\/wp\/v2\/pages\/912\/revisions\/915"}],"wp:attachment":[{"href":"https:\/\/gesamtschule-schermbeck.de\/ges35\/wp-json\/wp\/v2\/media?parent=912"}],"curies":[{"name":"wp","href":"https:\/\/api.w.org\/{rel}","templated":true}]}}